{"id":18518,"date":"2025-08-01T10:19:41","date_gmt":"2025-08-01T08:19:41","guid":{"rendered":"http:\/\/wydzialy.uksw.edu.pl\/wmpsns\/?page_id=18518"},"modified":"2026-04-21T12:50:05","modified_gmt":"2026-04-21T10:50:05","slug":"rada-wydzialu","status":"publish","type":"page","link":"https:\/\/wmp.uksw.edu.pl\/en\/wydzial\/rada-wydzialu\/","title":{"rendered":"Rada Wydzia\u0142u Matematyczno-Przyrodniczego"},"content":{"rendered":"\n<h2 class=\"wp-block-heading\">Terminy rady wydzia\u0142u w roku akademickim 2025\/2026:<\/h2>\n\n\n\n<p>semestr zimowy: 01.10.2025 r.; 29.10.2025 r.; 3.12.2025 r.; 04.02.2026 r.;<br>dodatkowy termin: 17.12.2025 r. (spotkanie \u015bwi\u0105teczne);<br>semestr letni: 04.03.2026 r.; 01.04.2026 r.; 29.04.2026 r.; 27.05.2026 r.; 01.07.2026 r.; 30.09.2026 r.<\/p>\n\n\n\n<h2 class=\"wp-block-heading\"><\/h2>\n\n\n\n<h2 class=\"wp-block-heading\">Sk\u0142ad rady wydzia\u0142u na kadencj\u0119 2024-2028<\/h2>\n\n\n\n<p><strong>Nauczyciele akademiccy posiadaj\u0105cy tytu\u0142 naukowy profesora lub stopie\u0144 naukowy doktora habilitowanego<\/strong>:<br><\/p>\n\n\n\n<p>dr hab. Micha\u0142 Artymowski<br>dr hab. Magdalena Ceborska, prof. uczelni<br>dr hab. Wojciech Chojnacki, prof. uczelni<br>dr hab. Andrzej Duda, prof. uczelni<br>dr hab. in\u017c. Iwona Flis-Kabulska, prof. uczelni<br>dr hab. Frederic Guinand, prof. uczelni<br>dr hab. Marek Grochowski, prof. uczelni<br>dr hab. Agata Kami\u0144ska, prof. uczelni<br>prof. dr hab. Wies\u0142aw Kubi\u015b <br>dr hab. Dominik Kurzyd\u0142owski, prof. uczelni<br>dr hab. S\u0142awomir Michalik, prof. uczelni<br>dr hab. Krzysztof Nawara, prof. uczelni<br>dr hab. Andriy Panasyuk, prof. uczelni<br>dr hab. Tomasz Rado\u017cycki, prof. uczelni<br>dr hab. Renata Rybakiewicz-Sekita, prof. uczelni<br>dr hab. Iaroslav Shopa, prof. uczelni<br>dr hab. Janusz Stafiej, prof. uczelni<br>dr hab. in\u017c. Wojciech Stecz, prof. uczelni<br>prof. dr hab. Kinga Suwi\u0144ska<br>dr hab. in\u017c. Krzysztof Trojanowski, prof. uczelni<br>dr hab. Tomasz Weiss, prof. uczelni<br>dr hab. Marek Wolf, prof. uczelni<br>dr hab. Rafa\u0142 Zap\u0142ata, prof. uczelni<\/p>\n\n\n\n<p><strong>Przedstawiciele pozosta\u0142ych nauczycieli akademickich<\/strong>:<br>dr Dorota D\u0105browska<br>dr Barbara Golec<br>dr in\u017c. Robert K\u0142opotek<br>dr in\u017c. Arkadiusz Listkowski<br>dr in\u017c. Monika Radlik<br>dr Krzysztof Rutkowski<br><br><strong>Przedstawiciele student\u00f3w<\/strong>:<br>Aleksander Abramowicz<br>Filip Siewniak<br>Rafa\u0142 Maciejewski<br>Norbert Matyniak<br>Stella Dembowska<br><br><strong>Przedstawiciele pracownik\u00f3w nieb\u0119d\u0105cych nauczycielami akademickimi<\/strong>:<br>mgr Ewa Maliniak<\/p>\n","protected":false},"excerpt":{"rendered":"<p>Terminy rady wydzia\u0142u w roku akademickim 2025\/2026: semestr zimowy: 01.10.2025 r.; 29.10.2025 r.; 3.12.2025 r.; 04.02.2026 r.;dodatkowy termin: 17.12.2025 r. (spotkanie \u015bwi\u0105teczne);semestr letni: 04.03.2026 r.; 01.04.2026 r.; 29.04.2026 r.; 27.05.2026 r.; 01.07.2026 r.; 30.09.2026 r. Sk\u0142ad rady wydzia\u0142u na kadencj\u0119 2024-2028 Nauczyciele akademiccy posiadaj\u0105cy tytu\u0142 naukowy profesora lub stopie\u0144 naukowy doktora habilitowanego: dr hab. Micha\u0142 [&hellip;]<\/p>\n","protected":false},"author":12,"featured_media":0,"parent":3321,"menu_order":2,"comment_status":"closed","ping_status":"closed","template":"page-templates\/template-sub-page.php","meta":{"_acf_changed":false,"inline_featured_image":false,"footnotes":"","_links_to":"","_links_to_target":""},"class_list":["post-18518","page","type-page","status-publish","hentry"],"acf":[],"_links":{"self":[{"href":"https:\/\/wmp.uksw.edu.pl\/en\/wp-json\/wp\/v2\/pages\/18518","targetHints":{"allow":["GET"]}}],"collection":[{"href":"https:\/\/wmp.uksw.edu.pl\/en\/wp-json\/wp\/v2\/pages"}],"about":[{"href":"https:\/\/wmp.uksw.edu.pl\/en\/wp-json\/wp\/v2\/types\/page"}],"author":[{"embeddable":true,"href":"https:\/\/wmp.uksw.edu.pl\/en\/wp-json\/wp\/v2\/users\/12"}],"replies":[{"embeddable":true,"href":"https:\/\/wmp.uksw.edu.pl\/en\/wp-json\/wp\/v2\/comments?post=18518"}],"version-history":[{"count":43,"href":"https:\/\/wmp.uksw.edu.pl\/en\/wp-json\/wp\/v2\/pages\/18518\/revisions"}],"predecessor-version":[{"id":32360,"href":"https:\/\/wmp.uksw.edu.pl\/en\/wp-json\/wp\/v2\/pages\/18518\/revisions\/32360"}],"up":[{"embeddable":true,"href":"https:\/\/wmp.uksw.edu.pl\/en\/wp-json\/wp\/v2\/pages\/3321"}],"wp:attachment":[{"href":"https:\/\/wmp.uksw.edu.pl\/en\/wp-json\/wp\/v2\/media?parent=18518"}],"curies":[{"name":"wp","href":"https:\/\/api.w.org\/{rel}","templated":true}]}}