{"id":32350,"date":"2025-02-24T10:46:22","date_gmt":"2025-02-24T09:46:22","guid":{"rendered":"https:\/\/wmp.uksw.edu.pl\/kontakt-en\/sekcja-obsluga-studenckich\/"},"modified":"2026-04-21T15:33:28","modified_gmt":"2026-04-21T13:33:28","slug":"sekcja-obsluga-studenckich","status":"publish","type":"page","link":"https:\/\/wmp.uksw.edu.pl\/en\/kontakt-en\/sekcja-obsluga-studenckich\/","title":{"rendered":"Handling student matters"},"content":{"rendered":"\n<p>Handling student matters<\/p>\n\n\n\n<ul class=\"wp-block-list\">\n<li>Physics<\/li>\n\n\n\n<li>Mathematics 1st degree<\/li>\n\n\n\n<li>part-time studies\n<ul class=\"wp-block-list\">\n<li>duty on Saturdays during full-time reunions of part-time studies from 9.00 a.m. to 2.00 p.m. <\/li>\n<\/ul>\n<\/li>\n<\/ul>\n\n\n\n<p>mgr Monika Zi\u0119ba<br>e-mail: <a href=\"mailto:m.zieba@uksw.edu.pl\">m.zieba@uksw.edu.pl<\/a><br>tel. +48 22 380 43 28 w. 468  &nbsp;<\/p>\n\n\n\n<hr class=\"wp-block-separator has-alpha-channel-opacity\" \/>\n\n\n\n<ul class=\"wp-block-list\">\n<li>Chemistry<\/li>\n\n\n\n<li>Computer Science <\/li>\n\n\n\n<li>Mathematics 2nd cycle<\/li>\n<\/ul>\n\n\n\n<p>Ma\u0142gorzata Miko\u0142ajczyk<br>e-mail: <a href=\"mailto:m.mikolajczyk@uksw.edu.pl\">m.mikolajczyk@uksw.edu.pl<\/a><br>tel. +48 22 380 43 29 wew. 469<\/p>\n\n\n\n<hr class=\"wp-block-separator has-alpha-channel-opacity\" \/>\n\n\n\n<p>Address:<br>Faculty of Mathematics and Natural Sciences. School of Exact Sciences 1\/3 W\u00f3ycickiego Street, 01-938 Warsaw,<br>building 21, room 113<\/p>\n\n\n\n<p><strong>Contact: e-mail: <a href=\"mailto:wmp@uksw.edu.pl\">wmp@uksw.edu.pl<\/a><\/strong><\/p>\n\n\n\n<hr class=\"wp-block-separator has-alpha-channel-opacity\" \/>\n\n\n\n<p><strong>Dean&#8217;s Office duty:<\/strong><\/p>\n\n\n\n<p>Monday, Wednesday: 12.00 \u2013 15.00<br>Tuesday: 9.00 \u2013 12.00<br>Thursday: 10.00-13.00<br>Friday: Dean&#8217;s Office closed (internal working day)<br><br>on Saturdays during stationary reunions of part-time studies from 9.00 a.m. to 2.00 p.m.; <br>on Saturdays during the stationary meetings of Postgraduate Studies in Mathematics from 9.00 a.m. to 1.00 p.m. (4.10.2025, 18.10.2025; 08.11.2025; 22.11.2025; 06.12.2025; 13.12.2025; 10.01.2026; 17.01.2026r.; 24.01.2026).<\/p>\n\n\n\n<p><\/p>\n","protected":false},"excerpt":{"rendered":"<p>Handling student matters mgr Monika Zi\u0119bae-mail: m.zieba@uksw.edu.pltel. +48 22 380 43 28 w. 468 &nbsp; Ma\u0142gorzata Miko\u0142ajczyke-mail: m.mikolajczyk@uksw.edu.pltel. +48 22 380 43 29 wew. 469 Address:Faculty of Mathematics and Natural Sciences. School of Exact Sciences 1\/3 W\u00f3ycickiego Street, 01-938 Warsaw,building 21, room 113 Contact: e-mail: wmp@uksw.edu.pl Dean&#8217;s Office duty: Monday, Wednesday: 12.00 \u2013 15.00Tuesday: 9.00 [&hellip;]<\/p>\n","protected":false},"author":2,"featured_media":0,"parent":32277,"menu_order":0,"comment_status":"closed","ping_status":"closed","template":"page-templates\/template-sub-page.php","meta":{"_acf_changed":false,"inline_featured_image":false,"footnotes":"","_links_to":"","_links_to_target":""},"class_list":["post-32350","page","type-page","status-publish","hentry"],"acf":[],"_links":{"self":[{"href":"https:\/\/wmp.uksw.edu.pl\/en\/wp-json\/wp\/v2\/pages\/32350","targetHints":{"allow":["GET"]}}],"collection":[{"href":"https:\/\/wmp.uksw.edu.pl\/en\/wp-json\/wp\/v2\/pages"}],"about":[{"href":"https:\/\/wmp.uksw.edu.pl\/en\/wp-json\/wp\/v2\/types\/page"}],"author":[{"embeddable":true,"href":"https:\/\/wmp.uksw.edu.pl\/en\/wp-json\/wp\/v2\/users\/2"}],"replies":[{"embeddable":true,"href":"https:\/\/wmp.uksw.edu.pl\/en\/wp-json\/wp\/v2\/comments?post=32350"}],"version-history":[{"count":5,"href":"https:\/\/wmp.uksw.edu.pl\/en\/wp-json\/wp\/v2\/pages\/32350\/revisions"}],"predecessor-version":[{"id":32396,"href":"https:\/\/wmp.uksw.edu.pl\/en\/wp-json\/wp\/v2\/pages\/32350\/revisions\/32396"}],"up":[{"embeddable":true,"href":"https:\/\/wmp.uksw.edu.pl\/en\/wp-json\/wp\/v2\/pages\/32277"}],"wp:attachment":[{"href":"https:\/\/wmp.uksw.edu.pl\/en\/wp-json\/wp\/v2\/media?parent=32350"}],"curies":[{"name":"wp","href":"https:\/\/api.w.org\/{rel}","templated":true}]}}