{"id":32365,"date":"2024-10-09T13:54:40","date_gmt":"2024-10-09T11:54:40","guid":{"rendered":"https:\/\/wmp.uksw.edu.pl\/komisje-i-rady-wydzialowe\/"},"modified":"2024-10-09T13:54:40","modified_gmt":"2024-10-09T11:54:40","slug":"komisje-i-rady-wydzialowe","status":"publish","type":"page","link":"https:\/\/wmp.uksw.edu.pl\/en\/komisje-i-rady-wydzialowe\/","title":{"rendered":"Komisje i rady wydzia\u0142owe"},"content":{"rendered":"\n<h2 class=\"wp-block-heading\"><a href=\"https:\/\/wmp.uksw.edu.pl\/wydzial\/komisje-i-rady-wydzialowe\/wydzialowa-komisja-ds-jakosci-ksztalcenia\/\" data-type=\"URL\" data-id=\"https:\/\/wmp.uksw.edu.pl\/wydzial\/komisje-i-rady-wydzialowe\/wydzialowa-komisja-ds-jakosci-ksztalcenia\/\">Wydzia\u0142owa Komisja ds. Jako\u015bci Kszta\u0142cenia<\/a><br><a href=\"https:\/\/wmp.uksw.edu.pl\/wydzial\/komisje-i-rady-wydzialowe\/wydzialowa-komisja-ds-dydaktyki\/\" data-type=\"URL\" data-id=\"https:\/\/wmp.uksw.edu.pl\/wydzial\/komisje-i-rady-wydzialowe\/wydzialowa-komisja-ds-dydaktyki\/\">Wydzia\u0142owa Komisja Dydaktyki<\/a><br><a href=\"https:\/\/wmp.uksw.edu.pl\/wydzial\/komisje-i-rady-wydzialowe\/wydzialowa-rada-biznesu\/\" data-type=\"URL\" data-id=\"https:\/\/wmp.uksw.edu.pl\/wydzial\/komisje-i-rady-wydzialowe\/wydzialowa-rada-biznesu\/\">Wydzia\u0142owa Rada Biznesu <\/a> <br><a href=\"https:\/\/wmp.uksw.edu.pl\/wydzial\/komisje-i-rady-wydzialowe\/wydzialowa-rada-studentow\/\" data-type=\"URL\" data-id=\"https:\/\/wmp.uksw.edu.pl\/wydzial\/komisje-i-rady-wydzialowe\/wydzialowa-rada-studentow\/\">Wydzia\u0142owa Rada Student\u00f3w<\/a><br><a href=\"https:\/\/wmp.uksw.edu.pl\/2024\/05\/10\/wybory-2024-2028\/\" data-type=\"link\" data-id=\"https:\/\/wmp.uksw.edu.pl\/2024\/05\/10\/wybory-2024-2028\/\">Wydzia\u0142owa Komisja Wyborcza<\/a><br><a href=\"https:\/\/wmp.uksw.edu.pl\/wydzial\/komisje-i-rady-wydzialowe\/pelnomocnicy-dziekana\/\" data-type=\"link\" data-id=\"https:\/\/wmp.uksw.edu.pl\/wydzial\/komisje-i-rady-wydzialowe\/pelnomocnicy-dziekana\/\">Pe\u0142nomocnicy Dziekana<\/a><\/h2>\n\n\n\n<p><\/p>\n","protected":false},"excerpt":{"rendered":"<p>Wydzia\u0142owa Komisja ds. Jako\u015bci Kszta\u0142ceniaWydzia\u0142owa Komisja DydaktykiWydzia\u0142owa Rada Biznesu Wydzia\u0142owa Rada Student\u00f3wWydzia\u0142owa Komisja WyborczaPe\u0142nomocnicy Dziekana<\/p>\n","protected":false},"author":12,"featured_media":0,"parent":0,"menu_order":3,"comment_status":"closed","ping_status":"closed","template":"page-templates\/template-sub-page.php","meta":{"_acf_changed":false,"inline_featured_image":false,"footnotes":"","_links_to":"","_links_to_target":""},"class_list":["post-32365","page","type-page","status-publish","hentry"],"acf":[],"_links":{"self":[{"href":"https:\/\/wmp.uksw.edu.pl\/en\/wp-json\/wp\/v2\/pages\/32365","targetHints":{"allow":["GET"]}}],"collection":[{"href":"https:\/\/wmp.uksw.edu.pl\/en\/wp-json\/wp\/v2\/pages"}],"about":[{"href":"https:\/\/wmp.uksw.edu.pl\/en\/wp-json\/wp\/v2\/types\/page"}],"author":[{"embeddable":true,"href":"https:\/\/wmp.uksw.edu.pl\/en\/wp-json\/wp\/v2\/users\/12"}],"replies":[{"embeddable":true,"href":"https:\/\/wmp.uksw.edu.pl\/en\/wp-json\/wp\/v2\/comments?post=32365"}],"version-history":[{"count":0,"href":"https:\/\/wmp.uksw.edu.pl\/en\/wp-json\/wp\/v2\/pages\/32365\/revisions"}],"wp:attachment":[{"href":"https:\/\/wmp.uksw.edu.pl\/en\/wp-json\/wp\/v2\/media?parent=32365"}],"curies":[{"name":"wp","href":"https:\/\/api.w.org\/{rel}","templated":true}]}}