{"id":32368,"date":"2023-03-23T10:14:37","date_gmt":"2023-03-23T09:14:37","guid":{"rendered":"https:\/\/wmp.uksw.edu.pl\/komisje-i-rady-wydzialowe\/wydzialowa-komisja-ds-jakosci-ksztalcenia\/"},"modified":"2023-03-23T10:14:37","modified_gmt":"2023-03-23T09:14:37","slug":"wydzialowa-komisja-ds-jakosci-ksztalcenia","status":"publish","type":"page","link":"https:\/\/wmp.uksw.edu.pl\/en\/komisje-i-rady-wydzialowe\/wydzialowa-komisja-ds-jakosci-ksztalcenia\/","title":{"rendered":"Wydzia\u0142owa Komisja ds. Jako\u015bci Kszta\u0142cenia"},"content":{"rendered":"\n<p><strong>Wydzia\u0142owa Komisja ds. Jako\u015bci Kszta\u0142cenia<\/strong> (WKJK) na kadencj\u0119 2024-2028<\/p>\n\n\n\n<p>prof. dr hab. Kinga Suwi\u0144ska &#8211; Przewodnicz\u0105ca komisji<br>dr hab. Marek Grochowski, prof. uczelni<br>dr hab. Renata Rybakiewicz-Sekita, prof. uczelni<br>dr hab. Iaroslav Shopa, prof. uczelni<br>dr hab. in\u017c. Wojciech Stecz, prof. uczelni<br>mgr Sylwia Olszewska &#8211; przedstawiciel doktorant\u00f3w<br><br>Przedstawiciele student\u00f3w:<br>Jan Zadr\u0105g &#8211; student kierunku informatyka<br>Jan Zakroczymski &#8211; student kierunku informatyka<br><\/p>\n","protected":false},"excerpt":{"rendered":"<p>Wydzia\u0142owa Komisja ds. Jako\u015bci Kszta\u0142cenia (WKJK) na kadencj\u0119 2024-2028 prof. dr hab. Kinga Suwi\u0144ska &#8211; Przewodnicz\u0105ca komisjidr hab. Marek Grochowski, prof. uczelnidr hab. Renata Rybakiewicz-Sekita, prof. uczelnidr hab. Iaroslav Shopa, prof. uczelnidr hab. in\u017c. Wojciech Stecz, prof. uczelnimgr Sylwia Olszewska &#8211; przedstawiciel doktorant\u00f3w Przedstawiciele student\u00f3w:Jan Zadr\u0105g &#8211; student kierunku informatykaJan Zakroczymski &#8211; student kierunku informatyka<\/p>\n","protected":false},"author":70,"featured_media":0,"parent":32365,"menu_order":1,"comment_status":"closed","ping_status":"closed","template":"page-templates\/template-sub-page.php","meta":{"_acf_changed":false,"inline_featured_image":false,"footnotes":"","_links_to":"","_links_to_target":""},"class_list":["post-32368","page","type-page","status-publish","hentry"],"acf":[],"_links":{"self":[{"href":"https:\/\/wmp.uksw.edu.pl\/en\/wp-json\/wp\/v2\/pages\/32368","targetHints":{"allow":["GET"]}}],"collection":[{"href":"https:\/\/wmp.uksw.edu.pl\/en\/wp-json\/wp\/v2\/pages"}],"about":[{"href":"https:\/\/wmp.uksw.edu.pl\/en\/wp-json\/wp\/v2\/types\/page"}],"author":[{"embeddable":true,"href":"https:\/\/wmp.uksw.edu.pl\/en\/wp-json\/wp\/v2\/users\/70"}],"replies":[{"embeddable":true,"href":"https:\/\/wmp.uksw.edu.pl\/en\/wp-json\/wp\/v2\/comments?post=32368"}],"version-history":[{"count":0,"href":"https:\/\/wmp.uksw.edu.pl\/en\/wp-json\/wp\/v2\/pages\/32368\/revisions"}],"up":[{"embeddable":true,"href":"https:\/\/wmp.uksw.edu.pl\/en\/wp-json\/wp\/v2\/pages\/32365"}],"wp:attachment":[{"href":"https:\/\/wmp.uksw.edu.pl\/en\/wp-json\/wp\/v2\/media?parent=32368"}],"curies":[{"name":"wp","href":"https:\/\/api.w.org\/{rel}","templated":true}]}}