{"id":32370,"date":"2023-03-23T10:17:41","date_gmt":"2023-03-23T09:17:41","guid":{"rendered":"https:\/\/wmp.uksw.edu.pl\/komisje-i-rady-wydzialowe\/wydzialowa-komisja-dydaktyki\/"},"modified":"2026-04-21T12:04:05","modified_gmt":"2026-04-21T10:04:05","slug":"wydzialowa-komisja-ds-dydaktyki","status":"publish","type":"page","link":"https:\/\/wmp.uksw.edu.pl\/en\/komisje-i-rady-wydzialowe\/wydzialowa-komisja-ds-dydaktyki\/","title":{"rendered":"Wydzia\u0142owa Komisja Dydaktyki"},"content":{"rendered":"\n<p><strong>Wydzia\u0142owa Komisja Dydaktyki<\/strong> (WKD) na kadencj\u0119 2024-2028<\/p>\n\n\n\n<p>I. pracownicy Wydzia\u0142u:<br>dr hab. Dominik Kurzyd\u0142owski, prof. ucz. &#8211; Dziekan Wydzia\u0142u<br>dr Dorota D\u0105browska &#8211; informatyka<br>mgr Anna Kelm &#8211; informatyka<br>dr in\u017c. Arkadiusz Listkowski &#8211; chemia<br>dr in\u017c. Monika Radlik &#8211; chemia<br>dr \u0141ukasz Mioduszewski &#8211; fizyka<br>dr in\u017c. Piotr Maj &#8211; fizyka<br>dr Bo\u017cena Tkacz &#8211; matematyka<br>dr Maria Suwi\u0144ska &#8211; matematyka<\/p>\n\n\n\n<p>II. przedstawiciele student\u00f3w:<br>Informatyka:<br>1. Gabriela Lewandowska<br>2. Rafa\u0142 Maciejewski<br>Matematyka:<br>1. Dawid Koz\u0142owski<br>2. Klaudia Jaszczerska<br>Chemia:<br>1. Stella Dembowska<br>2. Zuzanna Zwolan<br>Fizyka:<br>1. Franciszek Jakubowski<br>2. Grzegorz Tesla<\/p>\n\n\n\n<p><br><\/p>\n","protected":false},"excerpt":{"rendered":"<p>Wydzia\u0142owa Komisja Dydaktyki (WKD) na kadencj\u0119 2024-2028 I. pracownicy Wydzia\u0142u:dr hab. Dominik Kurzyd\u0142owski, prof. ucz. &#8211; Dziekan Wydzia\u0142udr Dorota D\u0105browska &#8211; informatykamgr Anna Kelm &#8211; informatykadr in\u017c. Arkadiusz Listkowski &#8211; chemiadr in\u017c. Monika Radlik &#8211; chemiadr \u0141ukasz Mioduszewski &#8211; fizykadr in\u017c. Piotr Maj &#8211; fizykadr Bo\u017cena Tkacz &#8211; matematykadr Maria Suwi\u0144ska &#8211; matematyka II. przedstawiciele [&hellip;]<\/p>\n","protected":false},"author":70,"featured_media":0,"parent":32365,"menu_order":2,"comment_status":"closed","ping_status":"closed","template":"page-templates\/template-sub-page.php","meta":{"_acf_changed":false,"inline_featured_image":false,"footnotes":"","_links_to":"","_links_to_target":""},"class_list":["post-32370","page","type-page","status-publish","hentry"],"acf":[],"_links":{"self":[{"href":"https:\/\/wmp.uksw.edu.pl\/en\/wp-json\/wp\/v2\/pages\/32370","targetHints":{"allow":["GET"]}}],"collection":[{"href":"https:\/\/wmp.uksw.edu.pl\/en\/wp-json\/wp\/v2\/pages"}],"about":[{"href":"https:\/\/wmp.uksw.edu.pl\/en\/wp-json\/wp\/v2\/types\/page"}],"author":[{"embeddable":true,"href":"https:\/\/wmp.uksw.edu.pl\/en\/wp-json\/wp\/v2\/users\/70"}],"replies":[{"embeddable":true,"href":"https:\/\/wmp.uksw.edu.pl\/en\/wp-json\/wp\/v2\/comments?post=32370"}],"version-history":[{"count":1,"href":"https:\/\/wmp.uksw.edu.pl\/en\/wp-json\/wp\/v2\/pages\/32370\/revisions"}],"predecessor-version":[{"id":32371,"href":"https:\/\/wmp.uksw.edu.pl\/en\/wp-json\/wp\/v2\/pages\/32370\/revisions\/32371"}],"up":[{"embeddable":true,"href":"https:\/\/wmp.uksw.edu.pl\/en\/wp-json\/wp\/v2\/pages\/32365"}],"wp:attachment":[{"href":"https:\/\/wmp.uksw.edu.pl\/en\/wp-json\/wp\/v2\/media?parent=32370"}],"curies":[{"name":"wp","href":"https:\/\/api.w.org\/{rel}","templated":true}]}}