{"id":32372,"date":"2024-10-02T12:20:03","date_gmt":"2024-10-02T10:20:03","guid":{"rendered":"https:\/\/wmp.uksw.edu.pl\/komisje-i-rady-wydzialowe\/wydzialowa-rada-biznesu\/"},"modified":"2026-04-21T12:05:41","modified_gmt":"2026-04-21T10:05:41","slug":"wydzialowa-rada-biznesu","status":"publish","type":"page","link":"https:\/\/wmp.uksw.edu.pl\/en\/komisje-i-rady-wydzialowe\/wydzialowa-rada-biznesu\/","title":{"rendered":"Wydzia\u0142owa Rada Biznesu"},"content":{"rendered":"\n<p><strong>Wydzia\u0142owa Rada Biznesu<\/strong> (WRB) na kadencj\u0119 2024-2028<\/p>\n\n\n\n<p>Dziekan Wydzia\u0142u:<br>dr hab. Dominik Kurzyd\u0142owski, prof. uczelni<\/p>\n\n\n\n<p>Dyrektorzy Instytut\u00f3w:<br>dr hab. in\u017c. Iwona Flis-Kabulska, prof. uczelni \u2013 Instytut Nauk Chemicznych<br>dr hab. Agata Kami\u0144ska, prof. uczelni \u2013 Instytut Nauk Fizycznych<br>dr hab.    Marek Grochowski, prof. uczelni \u2013 Instytut Matematyki<br>dr hab. in\u017c. Krzysztof Trojanowski, prof. uczelni \u2013 Instytut Informatyki <\/p>\n\n\n\n<p>Przedstawiciele otoczenia spo\u0142eczno- gospodarczego:<br>prof. dr hab. Robert Ko\u0142os &#8211; ICHF PAN<br>Bartosz Go\u0142embnik &#8211; IQOR POLSKA Sp. z o.o<br>prof.  dr hab. Roman Pu\u017aniak &#8211; IF PAN<br>prof. dr hab. Marek Godlewski &#8211; IF PAN<br>mgr in\u017c. Maciej Orzechowski &#8211; Prezes Zarz\u0105du AIA Concept sp. z o.o.<br>dr in\u017c. Jakub Romanowski &#8211; Prezes Evorain<br>mgr in\u017c. Damian Kacprowicz &#8211; Dyrektor pionu Informatyki KenBIT    <br><\/p>\n\n\n\n<p>Przedstawiciel Wydzia\u0142owej Rady Student\u00f3w: <br>Aleksander Abramowicz <\/p>\n\n\n\n<p><\/p>\n","protected":false},"excerpt":{"rendered":"<p>Wydzia\u0142owa Rada Biznesu (WRB) na kadencj\u0119 2024-2028 Dziekan Wydzia\u0142u:dr hab. Dominik Kurzyd\u0142owski, prof. uczelni Dyrektorzy Instytut\u00f3w:dr hab. in\u017c. Iwona Flis-Kabulska, prof. uczelni \u2013 Instytut Nauk Chemicznychdr hab. Agata Kami\u0144ska, prof. uczelni \u2013 Instytut Nauk Fizycznychdr hab. Marek Grochowski, prof. uczelni \u2013 Instytut Matematykidr hab. in\u017c. Krzysztof Trojanowski, prof. uczelni \u2013 Instytut Informatyki Przedstawiciele otoczenia spo\u0142eczno- [&hellip;]<\/p>\n","protected":false},"author":70,"featured_media":0,"parent":32365,"menu_order":3,"comment_status":"closed","ping_status":"closed","template":"page-templates\/template-sub-page.php","meta":{"_acf_changed":false,"inline_featured_image":false,"footnotes":"","_links_to":"","_links_to_target":""},"class_list":["post-32372","page","type-page","status-publish","hentry"],"acf":[],"_links":{"self":[{"href":"https:\/\/wmp.uksw.edu.pl\/en\/wp-json\/wp\/v2\/pages\/32372","targetHints":{"allow":["GET"]}}],"collection":[{"href":"https:\/\/wmp.uksw.edu.pl\/en\/wp-json\/wp\/v2\/pages"}],"about":[{"href":"https:\/\/wmp.uksw.edu.pl\/en\/wp-json\/wp\/v2\/types\/page"}],"author":[{"embeddable":true,"href":"https:\/\/wmp.uksw.edu.pl\/en\/wp-json\/wp\/v2\/users\/70"}],"replies":[{"embeddable":true,"href":"https:\/\/wmp.uksw.edu.pl\/en\/wp-json\/wp\/v2\/comments?post=32372"}],"version-history":[{"count":1,"href":"https:\/\/wmp.uksw.edu.pl\/en\/wp-json\/wp\/v2\/pages\/32372\/revisions"}],"predecessor-version":[{"id":32373,"href":"https:\/\/wmp.uksw.edu.pl\/en\/wp-json\/wp\/v2\/pages\/32372\/revisions\/32373"}],"up":[{"embeddable":true,"href":"https:\/\/wmp.uksw.edu.pl\/en\/wp-json\/wp\/v2\/pages\/32365"}],"wp:attachment":[{"href":"https:\/\/wmp.uksw.edu.pl\/en\/wp-json\/wp\/v2\/media?parent=32372"}],"curies":[{"name":"wp","href":"https:\/\/api.w.org\/{rel}","templated":true}]}}