{"id":32375,"date":"2026-02-27T14:26:19","date_gmt":"2026-02-27T13:26:19","guid":{"rendered":"https:\/\/wmp.uksw.edu.pl\/komisje-i-rady-wydzialowe\/pelnomocnicy-dziekana\/"},"modified":"2026-02-27T14:26:19","modified_gmt":"2026-02-27T13:26:19","slug":"pelnomocnicy-dziekana","status":"publish","type":"page","link":"https:\/\/wmp.uksw.edu.pl\/en\/komisje-i-rady-wydzialowe\/pelnomocnicy-dziekana\/","title":{"rendered":"Pe\u0142nomocnicy Dziekana"},"content":{"rendered":"\n<p><\/p>\n\n\n\n<h4 class=\"wp-block-heading\">Pe\u0142nomocnicy ds. organizacji kszta\u0142cenia na kierunku:<\/h4>\n\n\n\n<ul class=\"wp-block-list\">\n<li>Chemia: dr in\u017c. Monika Radlik<\/li>\n\n\n\n<li>Fizyka: dr \u0141ukasz Mioduszewski<\/li>\n\n\n\n<li>Matematyka: dr Maria Suwi\u0144ska<\/li>\n<\/ul>\n\n\n\n<h4 class=\"wp-block-heading\">Pe\u0142nomocnicy ds. dyplomowania:<\/h4>\n\n\n\n<ul class=\"wp-block-list\">\n<li>Chemia: dr Jaros\u0142aw Kowalski<\/li>\n\n\n\n<li>Fizyka: dr in\u017c. Piotr Maj<\/li>\n\n\n\n<li>Informatyka: dr Tomasz Kulpa <\/li>\n\n\n\n<li>Matematyka: dr Bo\u017cena Tkacz<\/li>\n<\/ul>\n\n\n\n<h4 class=\"wp-block-heading\">Pe\u0142nomocnicy ds. praktyk<\/h4>\n\n\n\n<ul class=\"wp-block-list\">\n<li>Chemia: dr in\u017c. Monika Radlik<\/li>\n\n\n\n<li>Fizyka: dr&nbsp;hab. Micha\u0142 Artymowski<\/li>\n\n\n\n<li>Informatyka (stacjonarna): dr Dorota D\u0105browska<\/li>\n\n\n\n<li>Matematyka (stacjonarna): dr Maria Suwi\u0144ska<\/li>\n\n\n\n<li>niestacjonarne (Matematyka, Informatyka): dr Maria Suwi\u0144ska<\/li>\n\n\n\n<li>ds. praktyk pedagogicznych i podyplomowych: dr Joanna Kandzia<\/li>\n<\/ul>\n\n\n\n<h4 class=\"wp-block-heading\">Pe\u0142nomocnicy ds. Erasmus+<\/h4>\n\n\n\n<ul class=\"wp-block-list\">\n<li>dla kierunku Chemia\/Fizyka: dr Barbara Golec<\/li>\n\n\n\n<li>dla kierunku Informatyka\/Matematyka: mgr Jakub Grzeszczak<\/li>\n<\/ul>\n","protected":false},"excerpt":{"rendered":"<p>Pe\u0142nomocnicy ds. organizacji kszta\u0142cenia na kierunku: Pe\u0142nomocnicy ds. dyplomowania: Pe\u0142nomocnicy ds. praktyk Pe\u0142nomocnicy ds. Erasmus+<\/p>\n","protected":false},"author":70,"featured_media":0,"parent":32365,"menu_order":0,"comment_status":"closed","ping_status":"closed","template":"page-templates\/template-sub-page.php","meta":{"_acf_changed":false,"inline_featured_image":false,"footnotes":"","_links_to":"","_links_to_target":""},"class_list":["post-32375","page","type-page","status-publish","hentry"],"acf":[],"_links":{"self":[{"href":"https:\/\/wmp.uksw.edu.pl\/en\/wp-json\/wp\/v2\/pages\/32375","targetHints":{"allow":["GET"]}}],"collection":[{"href":"https:\/\/wmp.uksw.edu.pl\/en\/wp-json\/wp\/v2\/pages"}],"about":[{"href":"https:\/\/wmp.uksw.edu.pl\/en\/wp-json\/wp\/v2\/types\/page"}],"author":[{"embeddable":true,"href":"https:\/\/wmp.uksw.edu.pl\/en\/wp-json\/wp\/v2\/users\/70"}],"replies":[{"embeddable":true,"href":"https:\/\/wmp.uksw.edu.pl\/en\/wp-json\/wp\/v2\/comments?post=32375"}],"version-history":[{"count":0,"href":"https:\/\/wmp.uksw.edu.pl\/en\/wp-json\/wp\/v2\/pages\/32375\/revisions"}],"up":[{"embeddable":true,"href":"https:\/\/wmp.uksw.edu.pl\/en\/wp-json\/wp\/v2\/pages\/32365"}],"wp:attachment":[{"href":"https:\/\/wmp.uksw.edu.pl\/en\/wp-json\/wp\/v2\/media?parent=32375"}],"curies":[{"name":"wp","href":"https:\/\/api.w.org\/{rel}","templated":true}]}}