{"id":32377,"date":"2023-01-30T22:10:41","date_gmt":"2023-01-30T21:10:41","guid":{"rendered":"https:\/\/wmp.uksw.edu.pl\/o-nas\/"},"modified":"2023-01-30T22:10:41","modified_gmt":"2023-01-30T21:10:41","slug":"o-nas","status":"publish","type":"page","link":"https:\/\/wmp.uksw.edu.pl\/en\/o-nas\/","title":{"rendered":"O nas"},"content":{"rendered":"\n<p>Wydzia\u0142 Matematyczno-Przyrodniczy. Szko\u0142a Nauk \u015acis\u0142ych (WMP.SN\u015a) jest jednym z dwunastu wydzia\u0142\u00f3w Uniwersytetu Kardyna\u0142a Stefana Wyszy\u0144skiego w Warszawie. <\/p>\n\n\n\n<p>W 2000 roku powsta\u0142 Wydzia\u0142 Matematyki. W 2001 roku, po po\u0142\u0105czeniu ze Szko\u0142\u0105 Nauk \u015acis\u0142ych nazwa uleg\u0142a zmianie na Wydzia\u0142 Matematyczno-Przyrodniczy. Szko\u0142a Nauk \u015acis\u0142ych.  <\/p>\n\n\n\n<p>Wydzia\u0142 zatrudnia ponad 70 pracownik\u00f3w naukowo-dydaktycznych. Pracownicy s\u0105 cz\u0142onkami m.in. Polskiej Akademii Nauk, Polskiej Komisji Akredytacyjnej, Polskiego Towarzystwa Matematycznego, Polskiego Towarzystwa Fizycznego, Stowarzyszenia Nauczycieli Matematyki, Towarzystwa Naukowego Warszawskiego.  <\/p>\n\n\n\n<p><strong>Misj\u0105 wydzia\u0142u jest:<\/strong><\/p>\n\n\n\n<ul class=\"wp-block-list\">\n<li>kszta\u0142cenie student\u00f3w&nbsp; w zakresie nauk \u015bcis\u0142ych, daj\u0105ce wiedz\u0119 i&nbsp; umiej\u0119tno\u015bci rozwi\u0105zywania&nbsp; z\u0142o\u017conych problem\u00f3w w wielu dziedzinach, niezb\u0119dne do rozpocz\u0119cia pracy zawodowej lub naukowej,<\/li>\n\n\n\n<li>kszta\u0142towanie postaw student\u00f3w w duchu warto\u015bci og\u00f3lnoludzkich, chrze\u015bcija\u0144skich, obywatelskich i narodowych,<\/li>\n\n\n\n<li>promowanie kszta\u0142cenia ustawicznego,<\/li>\n\n\n\n<li>prowadzenie bada\u0144 naukowych na \u015bwiatowym poziomie oraz kszta\u0142cenie i promowanie kadr naukowych,<\/li>\n\n\n\n<li>upowszechnianie i popularyzacja wiedzy z zakresu nauk przyrodniczych na terenie mazowsza.<\/li>\n<\/ul>\n\n\n\n<p><strong>Na wydziale prowadzone s\u0105 <a href=\"https:\/\/wmp.uksw.edu.pl\/2024\/06\/10\/ruszyla-rekrutacja-na-studia-zapraszamy-na-wydzial-matematyczno-przyrodniczy-szkola-nauk-scislych\/\" data-type=\"URL\" data-id=\"https:\/\/wmp.uksw.edu.pl\/2024\/06\/10\/ruszyla-rekrutacja-na-studia-zapraszamy-na-wydzial-matematyczno-przyrodniczy-szkola-nauk-scislych\/\">studia na kierunkach<\/a>:<\/strong><\/p>\n\n\n\n<ul class=\"wp-block-list\">\n<li>matematyka<\/li>\n\n\n\n<li>informatyka<\/li>\n\n\n\n<li>fizyka<\/li>\n\n\n\n<li>chemia<\/li>\n<\/ul>\n\n\n\n<p><strong>Wydzia\u0142 realizuje r\u00f3wnie\u017c studia w Szkole Doktorskiej UKSW w dyscyplinach:<\/strong><\/p>\n\n\n\n<ul class=\"wp-block-list\">\n<li>Matematyka<\/li>\n\n\n\n<li>Nauki fizyczne<\/li>\n\n\n\n<li>Nauki chemiczne<\/li>\n\n\n\n<li>Informatyka techniczna i telekomunikacja<\/li>\n<\/ul>\n\n\n\n<p><strong>W ofercie wydzia\u0142u znajduj\u0105 si\u0119 r\u00f3wnie\u017c <a href=\"https:\/\/wmp.uksw.edu.pl\/kandydaci\/studia-podyplomowe\/\" data-type=\"URL\" data-id=\"https:\/\/wmp.uksw.edu.pl\/kandydaci\/studia-podyplomowe\/\">studia podyplomowe<\/a>:<\/strong><\/p>\n\n\n\n<ul class=\"wp-block-list\">\n<li><a href=\"https:\/\/wmp.uksw.edu.pl\/kandydaci\/studia-podyplomowe\/studia-podyplomowe-z-matematyki\/\" data-type=\"URL\" data-id=\"https:\/\/wmp.uksw.edu.pl\/kandydaci\/studia-podyplomowe\/studia-podyplomowe-z-matematyki\/\">Podyplomowe Studia z Matematyki<\/a><\/li>\n\n\n\n<li><a href=\"https:\/\/wmp.uksw.edu.pl\/kandydaci\/studia-podyplomowe\/studia-podyplomowe-cyberbezpieczenstwo-i-nowoczesne-technologie\/\" data-type=\"URL\" data-id=\"https:\/\/wmp.uksw.edu.pl\/kandydaci\/studia-podyplomowe\/studia-podyplomowe-cyberbezpieczenstwo-i-nowoczesne-technologie\/\">Studia podyplomowe \u201eCyberbezpiecze\u0144stwo i nowoczesne technologie\u201d<\/a><\/li>\n<\/ul>\n\n\n\n<p>Studenci wydzia\u0142u zrzeszaj\u0105 si\u0119 w <a href=\"https:\/\/wmp.uksw.edu.pl\/studenci\/sprawy-studenckie\/kola-studenckie\/\" data-type=\"link\" data-id=\"https:\/\/wmp.uksw.edu.pl\/studenci\/sprawy-studenckie\/kola-studenckie\/\">ko\u0142ach naukowych<\/a> takich jak Ko\u0142o Naukowe Informatyk\u00f3w &#8220;Fraktal&#8221;, Naukowe Ko\u0142o Matematyczne \u201eInny Wymiar\u201d, Chemiczne Ko\u0142o Naukowe &#8220;LUMINOL&#8221; oraz Ko\u0142o Naukowe \u201eSuper Nova\u201d.<\/p>\n\n\n\n<p><\/p>\n\n\n\n<h3 class=\"wp-block-heading\"><a href=\"https:\/\/wydzialy.uksw.edu.pl\/wp-content\/uploads\/sites\/6\/2023\/03\/Strategia-Wydzialu-22-25.pdf\">Misja i Strategia Wydzia\u0142u na lata 2022-2025<\/a><\/h3>\n\n\n\n<p><\/p>\n","protected":false},"excerpt":{"rendered":"<p>Wydzia\u0142 Matematyczno-Przyrodniczy. Szko\u0142a Nauk \u015acis\u0142ych (WMP.SN\u015a) jest jednym z dwunastu wydzia\u0142\u00f3w Uniwersytetu Kardyna\u0142a Stefana Wyszy\u0144skiego w Warszawie. W 2000 roku powsta\u0142 Wydzia\u0142 Matematyki. W 2001 roku, po po\u0142\u0105czeniu ze Szko\u0142\u0105 Nauk \u015acis\u0142ych nazwa uleg\u0142a zmianie na Wydzia\u0142 Matematyczno-Przyrodniczy. Szko\u0142a Nauk \u015acis\u0142ych. Wydzia\u0142 zatrudnia ponad 70 pracownik\u00f3w naukowo-dydaktycznych. Pracownicy s\u0105 cz\u0142onkami m.in. Polskiej Akademii Nauk, Polskiej [&hellip;]<\/p>\n","protected":false},"author":12,"featured_media":0,"parent":0,"menu_order":0,"comment_status":"closed","ping_status":"closed","template":"page-templates\/template-sub-page.php","meta":{"_acf_changed":false,"inline_featured_image":false,"footnotes":"","_links_to":"","_links_to_target":""},"class_list":["post-32377","page","type-page","status-publish","hentry"],"acf":[],"_links":{"self":[{"href":"https:\/\/wmp.uksw.edu.pl\/en\/wp-json\/wp\/v2\/pages\/32377","targetHints":{"allow":["GET"]}}],"collection":[{"href":"https:\/\/wmp.uksw.edu.pl\/en\/wp-json\/wp\/v2\/pages"}],"about":[{"href":"https:\/\/wmp.uksw.edu.pl\/en\/wp-json\/wp\/v2\/types\/page"}],"author":[{"embeddable":true,"href":"https:\/\/wmp.uksw.edu.pl\/en\/wp-json\/wp\/v2\/users\/12"}],"replies":[{"embeddable":true,"href":"https:\/\/wmp.uksw.edu.pl\/en\/wp-json\/wp\/v2\/comments?post=32377"}],"version-history":[{"count":0,"href":"https:\/\/wmp.uksw.edu.pl\/en\/wp-json\/wp\/v2\/pages\/32377\/revisions"}],"wp:attachment":[{"href":"https:\/\/wmp.uksw.edu.pl\/en\/wp-json\/wp\/v2\/media?parent=32377"}],"curies":[{"name":"wp","href":"https:\/\/api.w.org\/{rel}","templated":true}]}}