{"id":32386,"date":"2023-02-10T14:33:19","date_gmt":"2023-02-10T13:33:19","guid":{"rendered":"https:\/\/wmp.uksw.edu.pl\/konkursy\/"},"modified":"2023-02-10T14:33:19","modified_gmt":"2023-02-10T13:33:19","slug":"konkursy","status":"publish","type":"page","link":"https:\/\/wmp.uksw.edu.pl\/en\/konkursy\/","title":{"rendered":"Konkursy"},"content":{"rendered":"\n<h2 class=\"wp-block-heading\">AKTUALNE<\/h2>\n\n\n\n<p><a href=\"https:\/\/wydzialy.uksw.edu.pl\/wp-content\/uploads\/sites\/6\/2025\/12\/matematyka_asystent-1.pdf\">KONKURS NA STANOWISKO ASYSTENTA W DYSCYPLINIE MATEMATYKA &#8211; termin sk\u0142adania dokument\u00f3w 5.01.2026 r.<\/a><\/p>\n\n\n\n<p><a href=\"https:\/\/wydzialy.uksw.edu.pl\/wp-content\/uploads\/sites\/6\/2026\/01\/wynik-konkursu.pdf\">wyniki konkursu<\/a><\/p>\n\n\n\n<p><a href=\"https:\/\/wydzialy.uksw.edu.pl\/wp-content\/uploads\/sites\/6\/2025\/11\/Ogloszenie_DOKTORANT_SONATA_2025_RRS-1.pdf\">KONKURS NA STANOWISKO DOKTORANTA &#8211; Typ konkursu SONATA-20 termin sk\u0142adania dokument\u00f3w 10.12.2025r. <\/a><\/p>\n\n\n\n<p><a href=\"https:\/\/wydzialy.uksw.edu.pl\/wp-content\/uploads\/sites\/6\/2025\/11\/Ogloszenie_POST-DOC_SONATA_2025_RRS-1.pdf\">KONKURS NA STANOWISKO: sta\u017cysta postdoktorski Typ konkursu SONATA-20 termin sk\u0142adania dokument\u00f3w 10.12.2025r. <\/a><\/p>\n\n\n\n<p><a href=\"https:\/\/wydzialy.uksw.edu.pl\/wp-content\/uploads\/sites\/6\/2023\/06\/ogloszenie_4-1.pdf\">KONKURS NA STANOWISKO DOKTORA &#8211; Typ konkursu NCN: SONATA \u2013 ST<\/a><br><a href=\"https:\/\/www2.ncn.gov.pl\/baza-ofert\/?akcja=wyswietl&amp;id=229901\">https:\/\/www2.ncn.gov.pl\/baza-ofert\/?akcja=wyswietl&amp;id=229901<\/a><\/p>\n\n\n\n<p><a href=\"https:\/\/wydzialy.uksw.edu.pl\/wp-content\/uploads\/sites\/6\/2025\/06\/matematyka_adiunkt.pdf\">KONKURS NA STANOWISKO ADIUNKTA W DYSCYPLINIE MATEMATYKA<\/a>&#8211; termin sk\u0142adania dokument\u00f3w do 07.07.2025 r.<\/p>\n\n\n\n<p><a href=\"https:\/\/wydzialy.uksw.edu.pl\/wp-content\/uploads\/sites\/6\/2025\/07\/wyniki-konkursu-na-strone-M.-Parol.pdf\">wyniki konkursu<\/a><\/p>\n\n\n\n<p><a href=\"https:\/\/wydzialy.uksw.edu.pl\/wp-content\/uploads\/sites\/6\/2025\/06\/konkurs_Inf_adiunkt_2025.pdf\">KONKURS NA STANOWISKO ADIUNKTA W DYSCYPLINIE INFORMATYKA TECHNICZNA I TELEKOMUNIKACJA<\/a> &#8211; termin sk\u0142adania dokument\u00f3w do 07.07.2025 r.<\/p>\n\n\n\n<p><a href=\"https:\/\/wydzialy.uksw.edu.pl\/wp-content\/uploads\/sites\/6\/2025\/07\/wyniki-konkursu-A.-Zbrzezny.pdf\">wyniki konkursu<\/a><\/p>\n\n\n\n<p><a href=\"https:\/\/wydzialy.uksw.edu.pl\/wp-content\/uploads\/sites\/6\/2025\/06\/Formularz-opus-26-1.pdf\">KONKURS NA STANOWISKO STYPENDYSTY\/DOKTORANTA<\/a> w projekcie OPUS-26 pt. \u201eNowe wysokowytrzyma\u0142e i plastyczne stopy tytanu otrzymywane na drodze mikro-domieszkowania &#8211; obliczenia z pierwszych zasad i badania eksperymentalne\u201d &#8211; termin sk\u0142adania dokument\u00f3w do 24.06.2025 r. <\/p>\n\n\n\n<p><a href=\"https:\/\/wydzialy.uksw.edu.pl\/wp-content\/uploads\/sites\/6\/2025\/06\/konkurs_Inf_profesor_2025-002.pdf\">KONKURS NA STANOWISKO PROFESORA UCZELNI<\/a><a href=\"https:\/\/wydzialy.uksw.edu.pl\/wp-content\/uploads\/sites\/6\/2025\/05\/konkurs_Inf_profesor_2025-1.pdf\"> <\/a>&#8211; termin sk\u0142adania dokument\u00f3w do 1.09.2025 r.<\/p>\n\n\n\n<p><a href=\"https:\/\/wydzialy.uksw.edu.pl\/wp-content\/uploads\/sites\/6\/2025\/09\/informcja-komisji-konkursowej.pdf\">wyniki konkursu<\/a><\/p>\n\n\n\n<p><strong>DOKUMENTY DO POBRANIA<\/strong> (do konkurs\u00f3w)<\/p>\n\n\n\n<ol class=\"wp-block-list\">\n<li><a href=\"https:\/\/wydzialy.uksw.edu.pl\/wp-content\/uploads\/sites\/6\/2024\/07\/Oswiadczenie-o-podstawowym-miejscu-pracy1.pdf\" data-type=\"URL\" data-id=\"https:\/\/wydzialy.uksw.edu.pl\/wp-content\/uploads\/sites\/6\/2024\/07\/Oswiadczenie-o-podstawowym-miejscu-pracy1.pdf\">o\u015bwiadczenie, \u017ce w razie wygrania konkursu i zatrudnienia, UKSW b\u0119dzie podstawowym miejscem pracy<\/a><\/li>\n\n\n\n<li><a href=\"https:\/\/wydzialy.uksw.edu.pl\/wp-content\/uploads\/sites\/6\/2024\/07\/oswiadczenie.pdf\" data-type=\"URL\" data-id=\"https:\/\/wydzialy.uksw.edu.pl\/wp-content\/uploads\/sites\/6\/2024\/07\/oswiadczenie.pdf\">o\u015bwiadczenie o przypisaniu do dyscypliny naukowej (za\u0142. 4)<\/a><\/li>\n\n\n\n<li><a href=\"https:\/\/wydzialy.uksw.edu.pl\/wp-content\/uploads\/sites\/6\/2024\/07\/OSWIADCZENIE.ADIUNKT.projekt.bad_.pdf\" data-type=\"URL\" data-id=\"https:\/\/wydzialy.uksw.edu.pl\/wp-content\/uploads\/sites\/6\/2024\/07\/OSWIADCZENIE.ADIUNKT.projekt.bad_.pdf\">o\u015bwiadczenie o zobowi\u0105zaniu do z\u0142o\u017cenia projektu badawczego (dotyczy wy\u0142\u0105cznie kandydat\u00f3w na adiunkta) (za\u0142. 2)<\/a><\/li>\n<\/ol>\n\n\n\n<p><strong>ARCHIWALNE<\/strong><\/p>\n\n\n\n<p><a href=\"https:\/\/wydzialy.uksw.edu.pl\/wp-content\/uploads\/sites\/6\/2024\/12\/konkurs-2024-asystent.pdf\">KONKURS NA STANOWISKO ASYSTENTA <\/a>&#8211; termin sk\u0142adania ofert do 06.12.2024 r.<\/p>\n\n\n\n<p><a href=\"https:\/\/wydzialy.uksw.edu.pl\/wp-content\/uploads\/sites\/6\/2024\/12\/konkurs-na-strone-asystent.pdf\">https:\/\/wydzialy.uksw.edu.pl\/konkurs-asystent.pdf<\/a><\/p>\n\n\n\n<p><a href=\"https:\/\/wydzialy.uksw.edu.pl\/wp-content\/uploads\/sites\/6\/2024\/07\/Doktorant-ogloszenie-UKSW-AKaminska_pl.pdf\">KONKURS NA STANOWISKO DOKTORANTA &#8211; Typ konkursu NCN: OPUS 26&nbsp;<\/a>&#8211; termin sk\u0142adania ofert do 23.08.2024 r.<\/p>\n\n\n\n<p><a href=\"https:\/\/wydzialy.uksw.edu.pl\/wp-content\/uploads\/sites\/6\/2024\/07\/2024-konkurs-prof.pdf\">KONKURS NA STANOWISKO PROFESORA UCZELNI <\/a>&#8211; termin sk\u0142adania dokument\u00f3w 19.08.2024 r.<\/p>\n\n\n\n<p><a href=\"https:\/\/wydzialy.uksw.edu.pl\/wp-content\/uploads\/sites\/6\/2024\/08\/konkurs-chemia-profesor-nierozstrzygniete.pdf\">wyniki konkursu<\/a><\/p>\n\n\n\n<p><a href=\"https:\/\/wydzialy.uksw.edu.pl\/wp-content\/uploads\/sites\/6\/2024\/07\/konkurs_Inf_adiunkt_2024.pdf\">KONKURS NA STANOWISKO ADIUNKTA <\/a> &#8211; termin sk\u0142adania dokument\u00f3w 19.08.2024 r.<\/p>\n\n\n\n<p><a href=\"https:\/\/wydzialy.uksw.edu.pl\/wp-content\/uploads\/sites\/6\/2024\/08\/adiunkt-Informatyka-1.pdf\">wyniki konkursu<\/a><\/p>\n\n\n\n<p><a href=\"https:\/\/wydzialy.uksw.edu.pl\/wp-content\/uploads\/sites\/6\/2024\/07\/2024-konkurs-prof-Fizyka.pdf\">KONKURS NA STANOWISKO PROFESORA UCZELNI <\/a>&#8211; termin sk\u0142adania poda\u0144 do 14.08.2024 r. <\/p>\n\n\n\n<p><a href=\"https:\/\/wydzialy.uksw.edu.pl\/wp-content\/uploads\/sites\/6\/2024\/08\/konkurs-fizyka-profesor-brak-zgloszen.pdf\">wyniki konkursu<\/a><\/p>\n\n\n\n<p><a href=\"https:\/\/wydzialy.uksw.edu.pl\/wp-content\/uploads\/sites\/6\/2024\/07\/2024-konkurs-adiunkt-Fizyka.pdf\">KONKURS NA STANOWISKO ADIUNKTA <\/a>&#8211; termin sk\u0142adania poda\u0144 14.08.2024 r.<\/p>\n\n\n\n<p><a href=\"https:\/\/wydzialy.uksw.edu.pl\/wp-content\/uploads\/sites\/6\/2024\/08\/adiunkt-Fizyka-P.-Maj.pdf\">wyniki konkursu<\/a><\/p>\n\n\n\n<p><a href=\"https:\/\/wydzialy.uksw.edu.pl\/wp-content\/uploads\/sites\/6\/2024\/06\/konkurs-2024-adiunkt-2.pdf\">KONKURS NA STANOWISKO ADIUNKTA W INSTYTUCIE MATEMATYKI<\/a> &#8211; termin sk\u0142adania dokument\u00f3w do 19.08.2024 r.<\/p>\n\n\n\n<p><a href=\"https:\/\/wydzialy.uksw.edu.pl\/wp-content\/uploads\/sites\/6\/2024\/08\/adiunkt-mate.-O.M..pdf\">wyniki konkursu<\/a><\/p>\n\n\n\n<p><a href=\"https:\/\/wydzialy.uksw.edu.pl\/wp-content\/uploads\/sites\/6\/2024\/06\/konkurs-2024-adiunkt-1.pdf\">KONKURS NA STANOWISKO ADIUNKTA <\/a>&#8211; termin sk\u0142adania dokument\u00f3w do 19.08.2024 r.<\/p>\n\n\n\n<p><a href=\"https:\/\/wydzialy.uksw.edu.pl\/wp-content\/uploads\/sites\/6\/2024\/08\/adiunkt-matematyka-fizyk.pdf\">wyniki konkursu<\/a><\/p>\n\n\n\n<p><a href=\"https:\/\/wydzialy.uksw.edu.pl\/wp-content\/uploads\/sites\/6\/2024\/07\/konkurs-mat.-prof.-24.pdf\">KONKURS NA STANOWISKO PROFESORA UCZELNI <\/a>&#8211; termin sk\u0142adania dokument\u00f3w do 19.08.2024 r.<\/p>\n\n\n\n<p><a href=\"https:\/\/wydzialy.uksw.edu.pl\/wp-content\/uploads\/sites\/6\/2024\/08\/matematyka-profesor.pdf\">wyniki konkursu<\/a><\/p>\n\n\n\n<p><a href=\"https:\/\/wydzialy.uksw.edu.pl\/wp-content\/uploads\/sites\/6\/2023\/10\/konkurs-p.pdf\" data-type=\"URL\" data-id=\"https:\/\/wydzialy.uksw.edu.pl\/wp-content\/uploads\/sites\/6\/2023\/10\/konkurs-p.pdf\">KONKURS NA STANOWISKO stypendysta\/student\/doktorant w polsko-austriackim projekcie \u201eTeoriomnogo\u015bciowe aspekty selekcji topologicznych\u201d w ramach programu Weave-UNISONO<\/a> -termin sk\u0142adania ofert 30.10.2023 r.<\/p>\n\n\n\n<p><a href=\"https:\/\/wydzialy.uksw.edu.pl\/wp-content\/uploads\/sites\/6\/2023\/06\/ogloszenie_4-1.pdf\">KONKURS NA STANOWISKO DOKTORA -Typ konkursu NCN: OPUS LAP 20<\/a>&#8211; <a href=\"https:\/\/wydzialy.uksw.edu.pl\/wp-content\/uploads\/sites\/6\/2023\/06\/ogloszenie_4-1.pdf\"> termin sk\u0142adania ofert do 5.07.2023 r.<\/a><\/p>\n\n\n\n<p><a rel=\"noreferrer noopener\" href=\"https:\/\/wydzialy.uksw.edu.pl\/wp-content\/uploads\/sites\/6\/2023\/05\/konkurs_Inf_profesor-2023.pdf\" target=\"_blank\">KONKURS NA STANOWISKO PROFESORA UCZELNI W INSTYTUCIE INFORMATYKI &#8211; termin sk\u0142adania dokument\u00f3w 16.06.2023 r<\/a>.<br><a href=\"https:\/\/wydzialy.uksw.edu.pl\/wp-content\/uploads\/sites\/6\/2023\/06\/wyniki-konkursu-II.pdf\">wyniki konkursu <\/a> <\/p>\n\n\n\n<p><a href=\"https:\/\/wydzialy.uksw.edu.pl\/wp-content\/uploads\/sites\/6\/2023\/05\/konkurs_Inf_adiunkt-2023.pdf\">KONKURS NA STANOWISKO ADIUNKTA W INSTYTUCIE INFORMATYKI &#8211; termin sk\u0142adania dokument\u00f3w 16.06.2023 <\/a><\/p>\n\n\n\n<p>oferta wygas\u0142a<\/p>\n\n\n\n<p><a href=\"https:\/\/wydzialy.uksw.edu.pl\/wp-content\/uploads\/sites\/6\/2023\/05\/konkurs-profesor-2023.pdf\">KONKURS NA STANOWISKO PROFESORA UCZELNI W INSTYTUCIE MATEMATYKI &#8211; termin sk\u0142adania dokument\u00f3w 16.06.2023 r.<\/a><\/p>\n\n\n\n<p>oferta wygas\u0142a<\/p>\n\n\n\n<p><a href=\"https:\/\/wydzialy.uksw.edu.pl\/wp-content\/uploads\/sites\/6\/2023\/06\/konkurs-2023-adiunkt-1-15.09..pdf\">KONKURS NA STANOWISKO ADIUNKTA W INSTYTUCIE MATEMATYKI &#8211; termin sk\u0142adania dokument\u00f3w przesuni\u0119ty do 15.09.2023 r.<\/a> <\/p>\n\n\n\n<p><a href=\"https:\/\/wydzialy.uksw.edu.pl\/wp-content\/uploads\/sites\/6\/2023\/09\/rozstrzygniecie-konkursu.pdf\">wyniki konkursu<\/a><\/p>\n\n\n\n<p><a href=\"https:\/\/wydzialy.uksw.edu.pl\/wp-content\/uploads\/sites\/6\/2023\/06\/adiunkt-2.15.09..pdf\" data-type=\"URL\" data-id=\"https:\/\/wydzialy.uksw.edu.pl\/wp-content\/uploads\/sites\/6\/2023\/06\/adiunkt-2.15.09..pdf\">KONKURS NA STANOWISKO ADIUNKTA W INSTYTUCIE MATEMATYKI &#8211; termin sk\u0142adania dokument\u00f3w przesuni\u0119ty do 15.09.2023 r.<\/a><\/p>\n\n\n\n<p>oferta wygas\u0142a<\/p>\n\n\n\n<p><a href=\"https:\/\/wydzialy.uksw.edu.pl\/wp-content\/uploads\/sites\/6\/2023\/05\/2023-konkurs-prof-Fizyka.pdf\">KONKURS NA STANOWISKO PROFESORA UCZELNI W INSTYTUCIE NAUK FIZYCZNYCH &#8211; termin sk\u0142adania dokument\u00f3w 16.06.2023 r.<\/a><\/p>\n\n\n\n<p>oferta wygas\u0142a<\/p>\n\n\n\n<p><a href=\"https:\/\/wydzialy.uksw.edu.pl\/wp-content\/uploads\/sites\/6\/2023\/05\/2023-konkurs-adiunkt-Fizyka.pdf\">KONKURS NA STANOWISKO ADIUNKTA W INSTYTUCIE NAUK FIZYCZNYCH &#8211; termin sk\u0142adania dokument\u00f3w 16.06.2023 r.<\/a><\/p>\n\n\n\n<p>oferta wygas\u0142a<\/p>\n\n\n\n<p><a href=\"https:\/\/wydzialy.uksw.edu.pl\/wp-content\/uploads\/sites\/6\/2023\/05\/konkurs-INCh-profesor-uczelni-2023-1.pdf\">KONKURS NA STANOWISKO PROFESORA UCZELNI W INSTYTUCIE NAUK CHEMICZNYCH &#8211; termin sk\u0142adania dokument\u00f3w 16.06.2023 r.<\/a><\/p>\n\n\n\n<p>oferta wygas\u0142a<\/p>\n\n\n\n<p><a href=\"https:\/\/wydzialy.uksw.edu.pl\/wp-content\/uploads\/sites\/6\/2023\/05\/konkurs-INCh-adiunkt-2023-1.pdf\">KONKURS NA STANOWISKO ADIUNKTA W INSTYTUCIE NAUK CHEMICZNYCH &#8211; termin sk\u0142adania dokument\u00f3w 16.06.2023 r.<\/a><\/p>\n\n\n\n<h2 class=\"wp-block-heading\"><\/h2>\n\n\n\n<div class=\"\">\n\n\n<div class=\"row\">\n\n  \n<div class=\"col-xl-12 col-lg-12 col-md-12 col-sm-12 \">\n\t\t<div class=\"download_detils\">\n\t\t\t<a href=\"https:\/\/wydzialy.uksw.edu.pl\/wp-content\/uploads\/sites\/6\/2023\/02\/ogloszenie_3-1.pdf\"  target=\"_blank\" >\n\t\t\t<img decoding=\"async\" src=\"https:\/\/wydzialy.uksw.edu.pl\/wp-content\/themes\/uksw\/images\/import.svg\" alt=\"\"> KONKURS NA STANOWISKO DOKTORANTA &#8211; termin rozstrzygni\u0119cia 6 listopada 2022 r.  [PDF,  0.04 MB]<\/a>\n\t\t<\/div>\n<\/div>\n\n\n\t\t\n<div class=\"col-xl-12 col-lg-12 col-md-12 col-sm-12 \">\n\t\t<div class=\"download_detils\">\n\t\t\t<a href=\"https:\/\/wydzialy.uksw.edu.pl\/wp-content\/uploads\/sites\/6\/2023\/02\/konkurs_Inf_prof-1.pdf\"  target=\"_blank\" >\n\t\t\t<img decoding=\"async\" src=\"https:\/\/wydzialy.uksw.edu.pl\/wp-content\/themes\/uksw\/images\/import.svg\" alt=\"\"> KONKURS NA STANOWISKO PROFESORA UCZELNI W INSTYTUCIE INFORMATYKI [PDF,  0.23 MB]<\/a>\n\t\t<\/div>\n<\/div>\n\n\n\t\t\n<div class=\"col-xl-12 col-lg-12 col-md-12 col-sm-12 \">\n\t\t<div class=\"download_detils\">\n\t\t\t<a href=\"https:\/\/wydzialy.uksw.edu.pl\/wp-content\/uploads\/sites\/6\/2023\/02\/pofeor-rozstrzygniecie-1.pdf\"  target=\"_blank\" >\n\t\t\t<img decoding=\"async\" src=\"https:\/\/wydzialy.uksw.edu.pl\/wp-content\/themes\/uksw\/images\/import.svg\" alt=\"\"> wyniki konkursu [PDF,  0.17 MB]<\/a>\n\t\t<\/div>\n<\/div>\n\n\n\t\t\n<div class=\"col-xl-12 col-lg-12 col-md-12 col-sm-12 \">\n\t\t<div class=\"download_detils\">\n\t\t\t<a href=\"https:\/\/wydzialy.uksw.edu.pl\/wp-content\/uploads\/sites\/6\/2023\/02\/konkurs_Inf_adiunkt-1.pdf\"  target=\"_blank\" >\n\t\t\t<img decoding=\"async\" src=\"https:\/\/wydzialy.uksw.edu.pl\/wp-content\/themes\/uksw\/images\/import.svg\" alt=\"\"> KONKURS NA STANOWISKO ADIUNKTA W INSTYTUCIE INFORMATYKI [PDF,  0.23 MB]<\/a>\n\t\t<\/div>\n<\/div>\n\n\n\t\t\n<div class=\"col-xl-12 col-lg-12 col-md-12 col-sm-12 \">\n\t\t<div class=\"download_detils\">\n\t\t\t<a href=\"https:\/\/wydzialy.uksw.edu.pl\/wp-content\/uploads\/sites\/6\/2023\/02\/Informatyka-adiunkt-rozstrzygniecie-1.pdf\"  target=\"_blank\" >\n\t\t\t<img decoding=\"async\" src=\"https:\/\/wydzialy.uksw.edu.pl\/wp-content\/themes\/uksw\/images\/import.svg\" alt=\"\"> wyniki konkursu [PDF,  0.17 MB]<\/a>\n\t\t<\/div>\n<\/div>\n\n\n\t\t\n<div class=\"col-xl-12 col-lg-12 col-md-12 col-sm-12 \">\n\t\t<div class=\"download_detils\">\n\t\t\t<a href=\"https:\/\/wydzialy.uksw.edu.pl\/wp-content\/uploads\/sites\/6\/2023\/02\/Chemia-konkurs_prof-2022-1.pdf\"  target=\"_blank\" >\n\t\t\t<img decoding=\"async\" src=\"https:\/\/wydzialy.uksw.edu.pl\/wp-content\/themes\/uksw\/images\/import.svg\" alt=\"\"> KONKURS NA STANOWISKO PROFESORA UCZELNI W INSTYTUCIE NAUK CHEMICZNYCH [PDF,  0.23 MB]<\/a>\n\t\t<\/div>\n<\/div>\n\n\n\t\t\n<div class=\"col-xl-12 col-lg-12 col-md-12 col-sm-12 \">\n\t\t<div class=\"download_detils\">\n\t\t\t<a href=\"https:\/\/wydzialy.uksw.edu.pl\/wp-content\/uploads\/sites\/6\/2023\/02\/rozstrzygniecie-chemi-profeor-1.pdf\"  target=\"_blank\" >\n\t\t\t<img decoding=\"async\" src=\"https:\/\/wydzialy.uksw.edu.pl\/wp-content\/themes\/uksw\/images\/import.svg\" alt=\"\"> wyniki konkursu [PDF,  0.17 MB]<\/a>\n\t\t<\/div>\n<\/div>\n\n\n\t\t\n<div class=\"col-xl-12 col-lg-12 col-md-12 col-sm-12 \">\n\t\t<div class=\"download_detils\">\n\t\t\t<a href=\"https:\/\/wydzialy.uksw.edu.pl\/wp-content\/uploads\/sites\/6\/2023\/02\/Chemia-konkurs_adiunkt-2022-1.pdf\"  target=\"_blank\" >\n\t\t\t<img decoding=\"async\" src=\"https:\/\/wydzialy.uksw.edu.pl\/wp-content\/themes\/uksw\/images\/import.svg\" alt=\"\"> KONKURS NA STANOWISKO ADIUNKTA W INSTYTUCIE NAUK CHEMICZNYCH [PDF,  0.23 MB]<\/a>\n\t\t<\/div>\n<\/div>\n\n\n\t\t\n<div class=\"col-xl-12 col-lg-12 col-md-12 col-sm-12 \">\n\t\t<div class=\"download_detils\">\n\t\t\t<a href=\"https:\/\/wydzialy.uksw.edu.pl\/wp-content\/uploads\/sites\/6\/2023\/02\/rozstrzygniecie-chemia-adiunkt-1.pdf\"  target=\"_blank\" >\n\t\t\t<img decoding=\"async\" src=\"https:\/\/wydzialy.uksw.edu.pl\/wp-content\/themes\/uksw\/images\/import.svg\" alt=\"\"> wyniki konkursu [PDF,  0.17 MB]<\/a>\n\t\t<\/div>\n<\/div>\n\n\n\t\t\n<div class=\"col-xl-12 col-lg-12 col-md-12 col-sm-12 \">\n\t\t<div class=\"download_detils\">\n\t\t\t<a href=\"https:\/\/wydzialy.uksw.edu.pl\/wp-content\/uploads\/sites\/6\/2023\/02\/konkurs_prof_Matematyka-1.pdf\"  target=\"_blank\" >\n\t\t\t<img decoding=\"async\" src=\"https:\/\/wydzialy.uksw.edu.pl\/wp-content\/themes\/uksw\/images\/import.svg\" alt=\"\"> KONKURS NA STANOWISKO PROFESORA UCZELNI W INSTYTUCIE MATEMATYKI [PDF,  0.23 MB]<\/a>\n\t\t<\/div>\n<\/div>\n\n\n\t\t\n<div class=\"col-xl-12 col-lg-12 col-md-12 col-sm-12 \">\n\t\t<div class=\"download_detils\">\n\t\t\t<a href=\"https:\/\/wydzialy.uksw.edu.pl\/wp-content\/uploads\/sites\/6\/2023\/02\/ogloszenie-po-kon.-Profesor-1.pdf\"  target=\"_blank\" >\n\t\t\t<img decoding=\"async\" src=\"https:\/\/wydzialy.uksw.edu.pl\/wp-content\/themes\/uksw\/images\/import.svg\" alt=\"\"> wyniki konkursu [PDF,  0.63 MB]<\/a>\n\t\t<\/div>\n<\/div>\n\n\n\t\t\n<div class=\"col-xl-12 col-lg-12 col-md-12 col-sm-12 \">\n\t\t<div class=\"download_detils\">\n\t\t\t<a href=\"https:\/\/wydzialy.uksw.edu.pl\/wp-content\/uploads\/sites\/6\/2023\/02\/wzor-konkurs_adiunkt_Matematyka-1-1.pdf\"  target=\"_blank\" >\n\t\t\t<img decoding=\"async\" src=\"https:\/\/wydzialy.uksw.edu.pl\/wp-content\/themes\/uksw\/images\/import.svg\" alt=\"\"> KONKURS NA STANOWISKO ADIUNKTA W INSTYTUCIE MATEMATYKI [PDF,  0.23 MB]<\/a>\n\t\t<\/div>\n<\/div>\n\n\n\t\t\n<div class=\"col-xl-12 col-lg-12 col-md-12 col-sm-12 \">\n\t\t<div class=\"download_detils\">\n\t\t\t<a href=\"https:\/\/wydzialy.uksw.edu.pl\/wp-content\/uploads\/sites\/6\/2023\/02\/ogloszenie-po-kon.-adiunkt-1.pdf\"  target=\"_blank\" >\n\t\t\t<img decoding=\"async\" src=\"https:\/\/wydzialy.uksw.edu.pl\/wp-content\/themes\/uksw\/images\/import.svg\" alt=\"\"> wyniki konkursu [PDF,  0.63 MB]<\/a>\n\t\t<\/div>\n<\/div>\n\n\n\t\t\n<div class=\"col-xl-12 col-lg-12 col-md-12 col-sm-12 \">\n\t\t<div class=\"download_detils\">\n\t\t\t<a href=\"https:\/\/wydzialy.uksw.edu.pl\/wp-content\/uploads\/sites\/6\/2023\/02\/konkurs_prof_Fizyka-1.pdf\"  target=\"_blank\" >\n\t\t\t<img decoding=\"async\" src=\"https:\/\/wydzialy.uksw.edu.pl\/wp-content\/themes\/uksw\/images\/import.svg\" alt=\"\"> KONKURS NA STANOWISKO PROFESORA UCZELNI W INSTYTUCIE NAUK FIZYCZNYCH [PDF,  0.23 MB]<\/a>\n\t\t<\/div>\n<\/div>\n\n\n\t\t\n<div class=\"col-xl-12 col-lg-12 col-md-12 col-sm-12 \">\n\t\t<div class=\"download_detils\">\n\t\t\t<a href=\"https:\/\/wydzialy.uksw.edu.pl\/wp-content\/uploads\/sites\/6\/2023\/02\/profesor-rozstzrygniecie-2.pdf\"  target=\"_blank\" >\n\t\t\t<img decoding=\"async\" src=\"https:\/\/wydzialy.uksw.edu.pl\/wp-content\/themes\/uksw\/images\/import.svg\" alt=\"\"> wyniki konkursu [PDF,  0.17 MB]<\/a>\n\t\t<\/div>\n<\/div>\n\n\n\t\t\n<div class=\"col-xl-12 col-lg-12 col-md-12 col-sm-12 \">\n\t\t<div class=\"download_detils\">\n\t\t\t<a href=\"https:\/\/wydzialy.uksw.edu.pl\/wp-content\/uploads\/sites\/6\/2023\/02\/konkurs_adiunkt_Fizyka-1.pdf\"  target=\"_blank\" >\n\t\t\t<img decoding=\"async\" src=\"https:\/\/wydzialy.uksw.edu.pl\/wp-content\/themes\/uksw\/images\/import.svg\" alt=\"\"> KONKURS NA STANOWISKO ADIUNKTA W INSTYTUCIE NAUK FIZYCZNYCH [PDF,  0.23 MB]<\/a>\n\t\t<\/div>\n<\/div>\n\n\n\t\t\n<div class=\"col-xl-12 col-lg-12 col-md-12 col-sm-12 \">\n\t\t<div class=\"download_detils\">\n\t\t\t<a href=\"https:\/\/wydzialy.uksw.edu.pl\/wp-content\/uploads\/sites\/6\/2023\/02\/rozstrzygniecie-adiunkt-1.pdf\"  target=\"_blank\" >\n\t\t\t<img decoding=\"async\" src=\"https:\/\/wydzialy.uksw.edu.pl\/wp-content\/themes\/uksw\/images\/import.svg\" alt=\"\"> wyniki konkursu [PDF,  0.17 MB]<\/a>\n\t\t<\/div>\n<\/div>\n\n\n\t\t\n\t\t \n\n<\/div>\n<\/div>\n<div class=\"space20\"><\/div>\n\n\n\n\n<hr class=\"wp-block-separator has-alpha-channel-opacity\">\n\n\n\n<h2 class=\"wp-block-heading\"><\/h2>\n\n\n\n<hr class=\"wp-block-separator has-alpha-channel-opacity\">\n\n\n\n<p>Dokumenty z\u0142o\u017cone na konkurs po rozstrzygni\u0119ciu nale\u017cy&nbsp;<strong>osobi\u015bcie odbiera\u0107 z dziekanatu WMP.SN\u015a<\/strong> &#8211; bud.21, pok. 113, na kampusie W\u00f3ycickiego.<br>Dokumenty nie b\u0119d\u0105 wysy\u0142ane poczt\u0105. <\/p>\n","protected":false},"excerpt":{"rendered":"<p>AKTUALNE KONKURS NA STANOWISKO ASYSTENTA W DYSCYPLINIE MATEMATYKA &#8211; termin sk\u0142adania dokument\u00f3w 5.01.2026 r. wyniki konkursu KONKURS NA STANOWISKO DOKTORANTA &#8211; Typ konkursu SONATA-20 termin sk\u0142adania dokument\u00f3w 10.12.2025r. KONKURS NA STANOWISKO: sta\u017cysta postdoktorski Typ konkursu SONATA-20 termin sk\u0142adania dokument\u00f3w 10.12.2025r. KONKURS NA STANOWISKO DOKTORA &#8211; Typ konkursu NCN: SONATA \u2013 SThttps:\/\/www2.ncn.gov.pl\/baza-ofert\/?akcja=wyswietl&amp;id=229901 KONKURS NA STANOWISKO ADIUNKTA [&hellip;]<\/p>\n","protected":false},"author":20,"featured_media":0,"parent":0,"menu_order":19,"comment_status":"closed","ping_status":"closed","template":"page-templates\/template-sub-page.php","meta":{"_acf_changed":false,"inline_featured_image":false,"footnotes":"","_links_to":"","_links_to_target":""},"class_list":["post-32386","page","type-page","status-publish","hentry"],"acf":[],"_links":{"self":[{"href":"https:\/\/wmp.uksw.edu.pl\/en\/wp-json\/wp\/v2\/pages\/32386","targetHints":{"allow":["GET"]}}],"collection":[{"href":"https:\/\/wmp.uksw.edu.pl\/en\/wp-json\/wp\/v2\/pages"}],"about":[{"href":"https:\/\/wmp.uksw.edu.pl\/en\/wp-json\/wp\/v2\/types\/page"}],"author":[{"embeddable":true,"href":"https:\/\/wmp.uksw.edu.pl\/en\/wp-json\/wp\/v2\/users\/20"}],"replies":[{"embeddable":true,"href":"https:\/\/wmp.uksw.edu.pl\/en\/wp-json\/wp\/v2\/comments?post=32386"}],"version-history":[{"count":0,"href":"https:\/\/wmp.uksw.edu.pl\/en\/wp-json\/wp\/v2\/pages\/32386\/revisions"}],"wp:attachment":[{"href":"https:\/\/wmp.uksw.edu.pl\/en\/wp-json\/wp\/v2\/media?parent=32386"}],"curies":[{"name":"wp","href":"https:\/\/api.w.org\/{rel}","templated":true}]}}