{"id":32388,"date":"2025-02-10T10:50:10","date_gmt":"2025-02-10T09:50:10","guid":{"rendered":"https:\/\/wmp.uksw.edu.pl\/studia-podyplomowe\/studia-podyplomowe-z-matematyki-rok-akademicki-2026-2027\/"},"modified":"2025-02-10T10:50:10","modified_gmt":"2025-02-10T09:50:10","slug":"studia-podyplomowe-z-matematyki-rok-akademicki-2026-2027","status":"publish","type":"page","link":"https:\/\/wmp.uksw.edu.pl\/en\/studia-podyplomowe\/studia-podyplomowe-z-matematyki-rok-akademicki-2026-2027\/","title":{"rendered":"Studia podyplomowe z Matematyki &#8211; rok akademicki 2026\/2027"},"content":{"rendered":"\n<div class=\"wp-block-buttons is-content-justification-center is-layout-flex wp-container-core-buttons-is-layout-16018d1d wp-block-buttons-is-layout-flex\">\n<div class=\"wp-block-button is-style-fill\"><a class=\"wp-block-button__link wp-element-button\" href=\"https:\/\/irk.uksw.edu.pl\/pl\/offer\/POD_2024_2025\/programme\/P_WMP-P-M\/\">zapisz si\u0119 <\/a><\/div>\n<\/div>\n\n\n\n<p><strong>Studia Podyplomowe z Matematyki<\/strong><\/p>\n\n\n\n<p><strong>REKRUTACJA NA ROK <\/strong><\/p>\n\n\n\n<p>ZAPISY: <\/p>\n\n\n\n<p><strong>JEDNOSTKA PROWADZ\u0104CA<\/strong>: Wydzia\u0142 Matematyczno-Przyrodniczy. Szko\u0142a Nauk \u015acis\u0142ych UKSW <\/p>\n\n\n\n<p><\/p>\n\n\n\n<p><strong>OPIS STUDI\u00d3W<\/strong>: Studia Podyplomowe z Matematyki przeznaczone s\u0105 dla absolwent\u00f3w wy\u017cszych studi\u00f3w: matematyczno-przyrodniczych, technicznych, ekonomicznych (II stopnia lub jednolitych magisterskich) oraz posiadaj\u0105cych kwalifikacje nauczycielskie.<\/p>\n\n\n\n<p>Absolwent Studi\u00f3w Podyplomowych z Matematyki uzyskuje kwalifikacje do nauczania matematyki jako kolejnego przedmiotu w szkole podstawowej, gdy posiada dyplom studi\u00f3w pierwszego stopnia oraz kwalifikacje do nauczania matematyki jako kolejnego przedmiotu w szkole podstawowej i ponadgimnazjalnej, gdy posiada co najmniej dyplom studi\u00f3w stopnia drugiego.<\/p>\n\n\n\n<p><strong>Studia s\u0105 prowadzone w systemie niestacjonarnym w ci\u0105gu trzech semestr\u00f3w<\/strong>&nbsp;w wymiarze 390 godzin dydaktycznych w trybie stacjonarnym (w tym 90 godz. praktyk w szkole).<\/p>\n\n\n\n<p>Zaj\u0119cia odbywaj\u0105 si\u0119 w wyznaczone weekendy (terminy b\u0119d\u0105 podane w terminie p\u00f3\u017aniejszym).<\/p>\n\n\n\n<p><strong>Warunkiem otrzymania \u015bwiadectwa uko\u0144czenia Studi\u00f3w Podyplomowych z Matematyki<\/strong> jest uzyskanie zaliczenia ze wszystkich przedmiot\u00f3w przewidzianych w programie studi\u00f3w podyplomowych.<\/p>\n\n\n\n<p><strong>ZASADY KWALIFIKACJI<\/strong>: Warunkiem przyj\u0119cia na studia jest posiadanie dyplomu uko\u0144czenia studi\u00f3w wy\u017cszych oraz kwalifikacje nauczycielskie.<\/p>\n\n\n\n<p>Kandydaci ubiegaj\u0105cy si\u0119 o przyj\u0119cie na studia podyplomowe sk\u0142adaj\u0105 nast\u0119puj\u0105ce dokumenty:&nbsp;<\/p>\n\n\n\n<ol style=\"list-style-type:1\" class=\"wp-block-list\">\n<li>podanie o przyj\u0119cie na studia wydrukowane z systemu IRK,<\/li>\n\n\n\n<li>dyplom uko\u0144czenia studi\u00f3w wy\u017cszych,<\/li>\n\n\n\n<li>dokument potwierdzaj\u0105cy kwalifikacje nauczycielskie.<\/li>\n<\/ol>\n\n\n\n<p>SK\u0141ADANIE DOKUMENT\u00d3W:<\/p>\n\n\n\n<p>Prosimy o sk\u0142adanie dokument\u00f3w <br>Wy\u017cej wymienione dokumenty nale\u017cy z\u0142o\u017cy\u0107 w dziekanacie Wydzia\u0142u Matematyczno-Przyrodniczego. Szko\u0142a Nauk \u015acis\u0142ych, UKSW w Warszawie ul. W\u00f3ycickiego 1\/3, 01-938 Warszawa, bud. 21, pok.    113. Prosimy o dostarczanie dokument\u00f3w w terminach dy\u017curu dziekanatu.<\/p>\n\n\n\n<p>Decyzj\u0119 o przyj\u0119ciu albo nieprzyj\u0119ciu na studia podyplomowe podejmuje kierownik studi\u00f3w podyplomowych.<\/p>\n\n\n\n<p><strong>WYSOKO\u015a\u0106 CZESNEGO<\/strong>: ok. 2 100 PLN za 1 semestr, nie ma mo\u017cliwo\u015bci roz\u0142o\u017cenia op\u0142aty semestralnej na raty <\/p>\n\n\n\n<p><strong>DODATKOWE INFORMACJE<\/strong>: Program nauczania opracowany jest zgodnie z:- Rozporz\u0105dzeniem Ministra Nauki i Szkolnictwa Wy\u017cszego w sprawie standardu kszta\u0142cenia przygotowuj\u0105cego do wykonywania zawodu nauczyciela (Dz.U.z 2021 r. poz. 890 oraz z 2022 r. poz. 1872- Uchwa\u0142\u0105 Nr 135\/20223 Senatu Uniwersytetu Kardyna\u0142a Stefana Wyszy\u0144skiego w Warszawie z dnia 29 czerwca 2023 r. w sprawie ustalenia programu Studi\u00f3w Podyplomowych z Matematyki na Wydziale Matematyczno-Przyrodniczym. Szko\u0142a Nauk \u015acis\u0142ych.<\/p>\n\n\n\n<p>Program studi\u00f3w obejmuje nast\u0119puj\u0105ce przedmioty:<\/p>\n\n\n\n<ol style=\"list-style-type:1\" class=\"wp-block-list\">\n<li>Analiza matematyczna.<\/li>\n\n\n\n<li>Podstawy dydaktyki matematyki.<\/li>\n\n\n\n<li>Metodyka nauczania matematyki I i II.<\/li>\n\n\n\n<li>Statystyka opisowa i rachunek prawdopodobie\u0144stwa&nbsp;&nbsp;&nbsp;&nbsp;&nbsp;&nbsp;&nbsp;&nbsp;&nbsp;&nbsp;&nbsp;&nbsp;&nbsp;&nbsp;<\/li>\n\n\n\n<li>Algebra z elementami logiki.<\/li>\n\n\n\n<li>Geometria.<\/li>\n\n\n\n<li>Technologia informacyjna w nauczaniu matematyki.<\/li>\n<\/ol>\n\n\n\n<p><\/p>\n\n\n\n<p><strong><a href=\"https:\/\/irk.uksw.edu.pl\/pl\/offer\/POD_2025_2026\/programme\/P_WMP-P-M\/\">ZAPRASZAMY DO ZAPIS\u00d3W<\/a><\/strong><\/p>\n\n\n\n<p><\/p>\n\n\n\n<p><\/p>\n","protected":false},"excerpt":{"rendered":"<p>Studia Podyplomowe z Matematyki REKRUTACJA NA ROK ZAPISY: JEDNOSTKA PROWADZ\u0104CA: Wydzia\u0142 Matematyczno-Przyrodniczy. Szko\u0142a Nauk \u015acis\u0142ych UKSW OPIS STUDI\u00d3W: Studia Podyplomowe z Matematyki przeznaczone s\u0105 dla absolwent\u00f3w wy\u017cszych studi\u00f3w: matematyczno-przyrodniczych, technicznych, ekonomicznych (II stopnia lub jednolitych magisterskich) oraz posiadaj\u0105cych kwalifikacje nauczycielskie. Absolwent Studi\u00f3w Podyplomowych z Matematyki uzyskuje kwalifikacje do nauczania matematyki jako kolejnego przedmiotu w szkole [&hellip;]<\/p>\n","protected":false},"author":20,"featured_media":31581,"parent":32379,"menu_order":1,"comment_status":"closed","ping_status":"closed","template":"page-templates\/template-sub-page.php","meta":{"_acf_changed":false,"inline_featured_image":false,"footnotes":"","_links_to":"","_links_to_target":""},"class_list":["post-32388","page","type-page","status-publish","has-post-thumbnail","hentry"],"acf":[],"_links":{"self":[{"href":"https:\/\/wmp.uksw.edu.pl\/en\/wp-json\/wp\/v2\/pages\/32388","targetHints":{"allow":["GET"]}}],"collection":[{"href":"https:\/\/wmp.uksw.edu.pl\/en\/wp-json\/wp\/v2\/pages"}],"about":[{"href":"https:\/\/wmp.uksw.edu.pl\/en\/wp-json\/wp\/v2\/types\/page"}],"author":[{"embeddable":true,"href":"https:\/\/wmp.uksw.edu.pl\/en\/wp-json\/wp\/v2\/users\/20"}],"replies":[{"embeddable":true,"href":"https:\/\/wmp.uksw.edu.pl\/en\/wp-json\/wp\/v2\/comments?post=32388"}],"version-history":[{"count":0,"href":"https:\/\/wmp.uksw.edu.pl\/en\/wp-json\/wp\/v2\/pages\/32388\/revisions"}],"up":[{"embeddable":true,"href":"https:\/\/wmp.uksw.edu.pl\/en\/wp-json\/wp\/v2\/pages\/32379"}],"wp:featuredmedia":[{"embeddable":true,"href":"https:\/\/wmp.uksw.edu.pl\/en\/wp-json\/wp\/v2\/media\/31581"}],"wp:attachment":[{"href":"https:\/\/wmp.uksw.edu.pl\/en\/wp-json\/wp\/v2\/media?parent=32388"}],"curies":[{"name":"wp","href":"https:\/\/api.w.org\/{rel}","templated":true}]}}